{"id":1578,"date":"2025-01-13T06:52:34","date_gmt":"2025-01-13T06:52:34","guid":{"rendered":"https:\/\/leilaliberata.com\/about\/"},"modified":"2025-01-15T20:11:43","modified_gmt":"2025-01-15T20:11:43","slug":"apropos","status":"publish","type":"page","link":"https:\/\/leilaliberata.com\/fr\/apropos\/","title":{"rendered":"\u00c0 propos de moi"},"content":{"rendered":"\t\t<div data-elementor-type=\"wp-page\" data-elementor-id=\"1578\" class=\"elementor elementor-1578 elementor-1569\" data-elementor-post-type=\"page\">\n\t\t\t\t\t\t<section class=\"elementor-section elementor-top-section elementor-element elementor-element-f84f22a elementor-section-boxed elementor-section-height-default elementor-section-height-default\" data-id=\"f84f22a\" data-element_type=\"section\" data-e-type=\"section\">\n\t\t\t\t\t\t<div class=\"elementor-container elementor-column-gap-default\">\n\t\t\t\t\t<div class=\"elementor-column elementor-col-100 elementor-top-column elementor-element elementor-element-6dd16a8\" data-id=\"6dd16a8\" data-element_type=\"column\" data-e-type=\"column\">\n\t\t\t<div class=\"elementor-widget-wrap elementor-element-populated\">\n\t\t\t\t\t\t<div class=\"elementor-element elementor-element-d6d611c elementor-widget elementor-widget-heading\" data-id=\"d6d611c\" data-element_type=\"widget\" data-e-type=\"widget\" data-widget_type=\"heading.default\">\n\t\t\t\t<div class=\"elementor-widget-container\">\n\t\t\t\t\t<h1 class=\"elementor-heading-title elementor-size-default\">APROPOS<\/h1>\t\t\t\t<\/div>\n\t\t\t\t<\/div>\n\t\t\t\t<div class=\"elementor-element elementor-element-8125282 elementor-widget elementor-widget-text-editor\" data-id=\"8125282\" data-element_type=\"widget\" data-e-type=\"widget\" data-widget_type=\"text-editor.default\">\n\t\t\t\t<div class=\"elementor-widget-container\">\n\t\t\t\t\t\t\t\t\t<div>\n<p><span lang=\"EN-US\">Bienvenue sur Leila Liberata, un espace o\u00f9 la mode devient art et o\u00f9 l&rsquo;expression de soi se transforme en une c\u00e9l\u00e9bration de l&rsquo;individualit\u00e9.<\/span><\/p>\n<\/div>\n<div>\n<p><span lang=\"EN-US\">Pour moi, la mode est plus qu&rsquo;un simple v\u00eatement : c\u2019est un moyen de raconter une histoire, d&rsquo;exprimer des \u00e9motions et de r\u00e9v\u00e9ler qui nous sommes sans mots. C\u2019est une forme d&rsquo;art, une toile o\u00f9 la cr\u00e9ativit\u00e9 et l&rsquo;identit\u00e9 se rencontrent. <\/span><\/p>\n<\/div>\n<div>\n<p><span lang=\"EN-US\">Mais la vie ne se limite pas \u00e0 un style. Je suis passionn\u00e9e par l&rsquo;exploration du monde qui nous entoure, de la vie quotidienne, de la beaut\u00e9 et des voyages, aux sujets plus profonds qui nous relient au niveau humain. Qu&rsquo;il s&rsquo;agisse d&rsquo;une conversation sur la d\u00e9couverte de soi, de nouvelles aventures ou de la beaut\u00e9 des moments quotidiens, je recherche toujours l&rsquo;inspiration et le sens. <\/span><\/p>\n<\/div>\n<div>\n<p><span lang=\"EN-US\">\u00c9crire est ma fa\u00e7on pr\u00e9f\u00e9r\u00e9e de me connecter et de partager. \u00c0 travers Leila Liberata, j&rsquo;esp\u00e8re susciter des conversations, inspirer la cr\u00e9ativit\u00e9 et encourager chacun \u00e0 embrasser son unicit\u00e9. <\/span><\/p>\n<\/div>\n<div>\n<p><span lang=\"EN-US\">Et si vous vous demandez pourquoi je fais cela, c&rsquo;est parce que je crois profond\u00e9ment \u00e0 la cr\u00e9ation de ma propre vie. Alors, cr\u00e9ez la v\u00f4tre.&nbsp;<\/span><\/p><p><span lang=\"EN-US\">Avec amour, Leila<\/span><\/p>\n<\/div>\t\t\t\t\t\t\t\t<\/div>\n\t\t\t\t<\/div>\n\t\t\t\t<div class=\"elementor-element elementor-element-41b2169 elementor-widget elementor-widget-image\" data-id=\"41b2169\" data-element_type=\"widget\" data-e-type=\"widget\" data-widget_type=\"image.default\">\n\t\t\t\t<div class=\"elementor-widget-container\">\n\t\t\t\t\t\t\t\t\t\t\t\t\t\t\t<img alt=\"\" fetchpriority=\"high\" decoding=\"async\" width=\"800\" height=\"401\" src=\"https:\/\/leilaliberata.com\/wp-content\/uploads\/2022\/05\/logo.png\" class=\"attachment-large size-large wp-image-56\" alt=\"\" srcset=\"https:\/\/leilaliberata.com\/wp-content\/uploads\/2022\/05\/logo.png 812w, https:\/\/leilaliberata.com\/wp-content\/uploads\/2022\/05\/logo-300x150.png 300w, https:\/\/leilaliberata.com\/wp-content\/uploads\/2022\/05\/logo-768x385.png 768w\" sizes=\"(max-width: 800px) 100vw, 800px\" \/>\t\t\t\t\t\t\t\t\t\t\t\t\t\t\t<\/div>\n\t\t\t\t<\/div>\n\t\t\t\t<div class=\"elementor-element elementor-element-5bf8a04 elementor-widget elementor-widget-spacer\" data-id=\"5bf8a04\" data-element_type=\"widget\" data-e-type=\"widget\" data-widget_type=\"spacer.default\">\n\t\t\t\t<div class=\"elementor-widget-container\">\n\t\t\t\t\t\t\t<div class=\"elementor-spacer\">\n\t\t\t<div class=\"elementor-spacer-inner\"><\/div>\n\t\t<\/div>\n\t\t\t\t\t\t<\/div>\n\t\t\t\t<\/div>\n\t\t\t\t\t<\/div>\n\t\t<\/div>\n\t\t\t\t\t<\/div>\n\t\t<\/section>\n\t\t\t\t<section class=\"elementor-section elementor-top-section elementor-element elementor-element-7c3f4cf animated-slow elementor-section-boxed elementor-section-height-default elementor-section-height-default elementor-invisible\" data-id=\"7c3f4cf\" data-element_type=\"section\" data-e-type=\"section\" data-settings=\"{&quot;animation&quot;:&quot;fadeIn&quot;}\">\n\t\t\t\t\t\t<div class=\"elementor-container elementor-column-gap-default\">\n\t\t\t\t\t<div class=\"elementor-column elementor-col-100 elementor-top-column elementor-element elementor-element-7722b9d\" data-id=\"7722b9d\" data-element_type=\"column\" data-e-type=\"column\">\n\t\t\t<div class=\"elementor-widget-wrap\">\n\t\t\t\t\t\t\t<\/div>\n\t\t<\/div>\n\t\t\t\t\t<\/div>\n\t\t<\/section>\n\t\t\t\t<\/div>\n\t\t","protected":false},"excerpt":{"rendered":"<p>APROPOS Bienvenue sur Leila Liberata, un espace o\u00f9 la mode devient art et o\u00f9 l&rsquo;expression de soi se transforme en une c\u00e9l\u00e9bration de l&rsquo;individualit\u00e9. Pour moi, la mode est plus qu&rsquo;un simple v\u00eatement : c\u2019est un moyen de raconter une histoire, d&rsquo;exprimer des \u00e9motions et de r\u00e9v\u00e9ler qui nous sommes sans mots. C\u2019est une forme [&hellip;]<\/p>\n","protected":false},"author":1,"featured_media":0,"parent":0,"menu_order":0,"comment_status":"closed","ping_status":"closed","template":"","meta":{"_acf_changed":false,"_seopress_robots_primary_cat":"","_seopress_titles_title":"","_seopress_titles_desc":"","_seopress_robots_index":"","footnotes":""},"class_list":["post-1578","page","type-page","status-publish","hentry"],"acf":[],"_links":{"self":[{"href":"https:\/\/leilaliberata.com\/fr\/wp-json\/wp\/v2\/pages\/1578","targetHints":{"allow":["GET"]}}],"collection":[{"href":"https:\/\/leilaliberata.com\/fr\/wp-json\/wp\/v2\/pages"}],"about":[{"href":"https:\/\/leilaliberata.com\/fr\/wp-json\/wp\/v2\/types\/page"}],"author":[{"embeddable":true,"href":"https:\/\/leilaliberata.com\/fr\/wp-json\/wp\/v2\/users\/1"}],"replies":[{"embeddable":true,"href":"https:\/\/leilaliberata.com\/fr\/wp-json\/wp\/v2\/comments?post=1578"}],"version-history":[{"count":15,"href":"https:\/\/leilaliberata.com\/fr\/wp-json\/wp\/v2\/pages\/1578\/revisions"}],"predecessor-version":[{"id":1746,"href":"https:\/\/leilaliberata.com\/fr\/wp-json\/wp\/v2\/pages\/1578\/revisions\/1746"}],"wp:attachment":[{"href":"https:\/\/leilaliberata.com\/fr\/wp-json\/wp\/v2\/media?parent=1578"}],"curies":[{"name":"wp","href":"https:\/\/api.w.org\/{rel}","templated":true}]}}