{"id":1579,"date":"2025-01-13T06:52:34","date_gmt":"2025-01-13T06:52:34","guid":{"rendered":"https:\/\/leilaliberata.com\/about\/"},"modified":"2025-01-14T10:40:48","modified_gmt":"2025-01-14T10:40:48","slug":"ueber-mich","status":"publish","type":"page","link":"https:\/\/leilaliberata.com\/de\/ueber-mich\/","title":{"rendered":"\u00dcber Mich"},"content":{"rendered":"\t\t<div data-elementor-type=\"wp-page\" data-elementor-id=\"1579\" class=\"elementor elementor-1579 elementor-1569\" data-elementor-post-type=\"page\">\n\t\t\t\t\t\t<section class=\"elementor-section elementor-top-section elementor-element elementor-element-f84f22a elementor-section-boxed elementor-section-height-default elementor-section-height-default\" data-id=\"f84f22a\" data-element_type=\"section\" data-e-type=\"section\">\n\t\t\t\t\t\t<div class=\"elementor-container elementor-column-gap-default\">\n\t\t\t\t\t<div class=\"elementor-column elementor-col-100 elementor-top-column elementor-element elementor-element-6dd16a8\" data-id=\"6dd16a8\" data-element_type=\"column\" data-e-type=\"column\">\n\t\t\t<div class=\"elementor-widget-wrap elementor-element-populated\">\n\t\t\t\t\t\t<div class=\"elementor-element elementor-element-2325a55 elementor-widget elementor-widget-heading\" data-id=\"2325a55\" data-element_type=\"widget\" data-e-type=\"widget\" data-widget_type=\"heading.default\">\n\t\t\t\t<div class=\"elementor-widget-container\">\n\t\t\t\t\t<h1 class=\"elementor-heading-title elementor-size-default\">\u00dcBER MICH<\/h1>\t\t\t\t<\/div>\n\t\t\t\t<\/div>\n\t\t\t\t<div class=\"elementor-element elementor-element-8125282 elementor-widget elementor-widget-text-editor\" data-id=\"8125282\" data-element_type=\"widget\" data-e-type=\"widget\" data-widget_type=\"text-editor.default\">\n\t\t\t\t<div class=\"elementor-widget-container\">\n\t\t\t\t\t\t\t\t\t<p>Willkommen bei Leila Liberata \u2013 einem Ort, an dem Mode zur Kunst wird und Selbstausdruck zu einer Hommage an die Einzigartigkeit jedes Einzelnen.<\/p>\n<p>F\u00fcr mich ist Mode weit mehr als blo\u00dfe Kleidung \u2013 sie erz\u00e4hlt Geschichten, offenbart Emotionen und zeigt, wer wir sind, ohne dass ein einziges Wort gesprochen werden muss. Mode ist eine Kunstform, ein Ort f\u00fcr Kreativit\u00e4t und Identit\u00e4t.<\/p>\n<p>Doch das Leben dreht sich nicht nur um Stil. Meine Leidenschaft gilt dem Erkunden der Welt in all ihren Facetten \u2013 von Lifestyle, Sch\u00f6nheit und Reisen bis hin zu den tiefgr\u00fcndigen Themen, die uns als Menschen verbinden. Sei es die Reise der Selbsterkenntnis, das Abenteuer des Neuen oder die Magie der kleinen Alltagsmomente \u2013 ich finde Inspiration und Sinn in allem, was uns umgibt.<\/p>\n<p>Das Schreiben ist f\u00fcr mich der sch\u00f6nste Weg, um Verbindungen zu schaffen und Geschichten zu teilen. Mit Leila Liberata m\u00f6chte ich zum Nachdenken anregen, Kreativit\u00e4t entfachen und dich dazu inspirieren, deine eigene Einzigartigkeit zu feiern.<\/p>\n<p>Warum ich das tue? Weil ich fest daran glaube, dass wir unser Leben selbst gestalten k\u00f6nnen \u2013 voller Sinn, Sch\u00f6nheit und St\u00e4rke. Und ich hoffe, dir genau das mit Leila Liberata mitzugeben.<\/p>\n<p>Mit Liebe,<br>Leila<\/p>\t\t\t\t\t\t\t\t<\/div>\n\t\t\t\t<\/div>\n\t\t\t\t<div class=\"elementor-element elementor-element-41b2169 elementor-widget elementor-widget-image\" data-id=\"41b2169\" data-element_type=\"widget\" data-e-type=\"widget\" data-widget_type=\"image.default\">\n\t\t\t\t<div class=\"elementor-widget-container\">\n\t\t\t\t\t\t\t\t\t\t\t\t\t\t\t<img alt=\"\" fetchpriority=\"high\" decoding=\"async\" width=\"800\" height=\"401\" src=\"https:\/\/leilaliberata.com\/wp-content\/uploads\/2022\/05\/logo.png\" class=\"attachment-large size-large wp-image-57\" alt=\"\" srcset=\"https:\/\/leilaliberata.com\/wp-content\/uploads\/2022\/05\/logo.png 812w, https:\/\/leilaliberata.com\/wp-content\/uploads\/2022\/05\/logo-300x150.png 300w, https:\/\/leilaliberata.com\/wp-content\/uploads\/2022\/05\/logo-768x385.png 768w\" sizes=\"(max-width: 800px) 100vw, 800px\" \/>\t\t\t\t\t\t\t\t\t\t\t\t\t\t\t<\/div>\n\t\t\t\t<\/div>\n\t\t\t\t<div class=\"elementor-element elementor-element-5bf8a04 elementor-widget elementor-widget-spacer\" data-id=\"5bf8a04\" data-element_type=\"widget\" data-e-type=\"widget\" data-widget_type=\"spacer.default\">\n\t\t\t\t<div class=\"elementor-widget-container\">\n\t\t\t\t\t\t\t<div class=\"elementor-spacer\">\n\t\t\t<div class=\"elementor-spacer-inner\"><\/div>\n\t\t<\/div>\n\t\t\t\t\t\t<\/div>\n\t\t\t\t<\/div>\n\t\t\t\t\t<\/div>\n\t\t<\/div>\n\t\t\t\t\t<\/div>\n\t\t<\/section>\n\t\t\t\t<section class=\"elementor-section elementor-top-section elementor-element elementor-element-7c3f4cf animated-slow elementor-section-boxed elementor-section-height-default elementor-section-height-default elementor-invisible\" data-id=\"7c3f4cf\" data-element_type=\"section\" data-e-type=\"section\" data-settings=\"{&quot;animation&quot;:&quot;fadeIn&quot;}\">\n\t\t\t\t\t\t<div class=\"elementor-container elementor-column-gap-default\">\n\t\t\t\t\t<div class=\"elementor-column elementor-col-100 elementor-top-column elementor-element elementor-element-7722b9d\" data-id=\"7722b9d\" data-element_type=\"column\" data-e-type=\"column\">\n\t\t\t<div class=\"elementor-widget-wrap\">\n\t\t\t\t\t\t\t<\/div>\n\t\t<\/div>\n\t\t\t\t\t<\/div>\n\t\t<\/section>\n\t\t\t\t<section class=\"elementor-section elementor-top-section elementor-element elementor-element-0082b3d elementor-section-boxed elementor-section-height-default elementor-section-height-default\" data-id=\"0082b3d\" data-element_type=\"section\" data-e-type=\"section\">\n\t\t\t\t\t\t<div class=\"elementor-container elementor-column-gap-default\">\n\t\t\t\t\t<div class=\"elementor-column elementor-col-100 elementor-top-column elementor-element elementor-element-56e5908\" data-id=\"56e5908\" data-element_type=\"column\" data-e-type=\"column\">\n\t\t\t<div class=\"elementor-widget-wrap elementor-element-populated\">\n\t\t\t\t\t\t<div class=\"elementor-element elementor-element-5bec2c0 elementor-widget elementor-widget-text-editor\" data-id=\"5bec2c0\" data-element_type=\"widget\" data-e-type=\"widget\" data-widget_type=\"text-editor.default\">\n\t\t\t\t<div class=\"elementor-widget-container\">\n\t\t\t\t\t\t\t\t\t<p>Create your life &#8211; it is yours!<\/p>\t\t\t\t\t\t\t\t<\/div>\n\t\t\t\t<\/div>\n\t\t\t\t\t<\/div>\n\t\t<\/div>\n\t\t\t\t\t<\/div>\n\t\t<\/section>\n\t\t\t\t<\/div>\n\t\t","protected":false},"excerpt":{"rendered":"<p>\u00dcBER MICH Willkommen bei Leila Liberata \u2013 einem Ort, an dem Mode zur Kunst wird und Selbstausdruck zu einer Hommage an die Einzigartigkeit jedes Einzelnen. F\u00fcr mich ist Mode weit mehr als blo\u00dfe Kleidung \u2013 sie erz\u00e4hlt Geschichten, offenbart Emotionen und zeigt, wer wir sind, ohne dass ein einziges Wort gesprochen werden muss. Mode ist [&hellip;]<\/p>\n","protected":false},"author":1,"featured_media":0,"parent":0,"menu_order":0,"comment_status":"closed","ping_status":"closed","template":"","meta":{"_acf_changed":false,"_seopress_robots_primary_cat":"","_seopress_titles_title":"","_seopress_titles_desc":"","_seopress_robots_index":"","footnotes":""},"class_list":["post-1579","page","type-page","status-publish","hentry"],"acf":[],"_links":{"self":[{"href":"https:\/\/leilaliberata.com\/de\/wp-json\/wp\/v2\/pages\/1579","targetHints":{"allow":["GET"]}}],"collection":[{"href":"https:\/\/leilaliberata.com\/de\/wp-json\/wp\/v2\/pages"}],"about":[{"href":"https:\/\/leilaliberata.com\/de\/wp-json\/wp\/v2\/types\/page"}],"author":[{"embeddable":true,"href":"https:\/\/leilaliberata.com\/de\/wp-json\/wp\/v2\/users\/1"}],"replies":[{"embeddable":true,"href":"https:\/\/leilaliberata.com\/de\/wp-json\/wp\/v2\/comments?post=1579"}],"version-history":[{"count":13,"href":"https:\/\/leilaliberata.com\/de\/wp-json\/wp\/v2\/pages\/1579\/revisions"}],"predecessor-version":[{"id":1630,"href":"https:\/\/leilaliberata.com\/de\/wp-json\/wp\/v2\/pages\/1579\/revisions\/1630"}],"wp:attachment":[{"href":"https:\/\/leilaliberata.com\/de\/wp-json\/wp\/v2\/media?parent=1579"}],"curies":[{"name":"wp","href":"https:\/\/api.w.org\/{rel}","templated":true}]}}